{"id":375,"date":"2019-05-19T16:09:03","date_gmt":"2019-05-19T14:09:03","guid":{"rendered":"http:\/\/bbipvccom.ipage.com\/cebos2\/wordpress\/?page_id=375"},"modified":"2019-05-19T16:09:03","modified_gmt":"2019-05-19T14:09:03","slug":"mekani-pvc","status":"publish","type":"page","link":"https:\/\/cebos.ba\/en\/mekani-pvc\/","title":{"rendered":"Mekani PVC"},"content":{"rendered":"\n\t\t\t\t\n<p>Trake i&nbsp;rolne plastificiranog&nbsp; PVCa su otporne na&nbsp; UV radijaciju. Postoje dva tipa ovih plo\u010da: regularne i&nbsp;hladne (cooler), \u0161to omogu\u0107ava njihovu upotrebu u&nbsp;punom temperaturnom rasponu (-45\u00b0C\/+60\u00b0C) npr. u&nbsp;hladnja\u010dama, skladi\u0161tima, postrojenjima za preradu hrane, itd. Vrata i&nbsp;kapije od mekih PVC traka su naj efektnije i&nbsp;naj ekonomi\u010dnije re\u0161enje za za\u0161titu skladi\u0161tenih materijala od raznih atmosferskih uslova (toplotna radijacija, niske temperature, vlaga), buke, pra\u0161ine, prljav\u0161tine, insekata i&nbsp;promaje. Zahvaljuju\u0107i odli\u010dnoj fleksibilnosti mehani\u010dkoj izdr\u017eljivosti ove trake se mogu koristiti prakti\u010dno bilo gde.<\/p>\n\n\n\n<p>Tuplex tako\u0111e nudi ugradne sisteme za fleksibilne zavese od mekog PVCa. Sistem je od ner\u0111aju\u0107eg \u010delika.<\/p>\n\n\n\n<h3 class=\"wp-block-heading\">Koristi i prednosti<\/h3>\n\n\n\n<ul class=\"wp-block-list\"><li>\u0160tednja energije &#8211; odr\u017eavanje temperature i kontrola protoka toplog i hladnog vazduha<\/li><li>Umanjeno prodiranje dima, mirisa i pra\u0161ine u prostorije odvojene zavesama<\/li><li>Zvu\u010dne barijere: redukcija buke do 25-30 dB<\/li><li>UV stabilne (mogu se instalirati na otvorenom prostoru\/ulazne kapije)<\/li><li>Izuzetno dobra fleksibilnost i mehani\u010dka izdr\u017eljivost<\/li><li>Propu\u0161tanje sun\u010deve svetlosti<\/li><li>Proizvedene sa oblim ivicama radi za\u0161tite korisnika od posekotina<\/li><li>Minimalne potrebe odr\u017eavanja<\/li><\/ul>\n\n\n\n<h3 class=\"wp-block-heading\">Upotreba<\/h3>\n\n\n\n<ul class=\"wp-block-list\"><li>Zavese na vratima u skladi\u0161tima&nbsp; (ulazi, unutra\u0161nji)<\/li><li>Zavese na istovarnim kapijama<\/li><li>Zavese u hladnja\u010dama i postrojenjima za preradu mesa i hrane<\/li><li>Zavese za zavarivanje<\/li><\/ul>\n\n\n\n<h3 class=\"wp-block-heading\">Obrada<\/h3>\n\n\n\n<ul class=\"wp-block-list\"><li>Lepljenje<\/li><li>Zavarivanje<\/li><li>Se\u010denje<\/li><li>Zakivanje<\/li><\/ul>\n\n\n\n<p>\n\n[gdgallery_gallery id_gallery=&#8221;24&#8221;]<br><\/p>\n\t\t","protected":false},"excerpt":{"rendered":"<p>Trake i&nbsp;rolne plastificiranog&nbsp; PVCa su otporne na&nbsp; UV radijaciju. Postoje dva tipa ovih plo\u010da: regularne i&nbsp;hladne (cooler), \u0161to omogu\u0107ava njihovu upotrebu u&nbsp;punom temperaturnom rasponu (-45\u00b0C\/+60\u00b0C) npr. u&nbsp;hladnja\u010dama, skladi\u0161tima, postrojenjima za preradu hrane, itd. Vrata i&nbsp;kapije od mekih PVC traka su naj efektnije i&nbsp;naj ekonomi\u010dnije re\u0161enje za za\u0161titu skladi\u0161tenih materijala od raznih atmosferskih uslova (toplotna radijacija, [&hellip;]<\/p>\n","protected":false},"author":1,"featured_media":0,"parent":0,"menu_order":0,"comment_status":"closed","ping_status":"closed","template":"","meta":{"footnotes":""},"class_list":["post-375","page","type-page","status-publish","hentry"],"_links":{"self":[{"href":"https:\/\/cebos.ba\/en\/wp-json\/wp\/v2\/pages\/375"}],"collection":[{"href":"https:\/\/cebos.ba\/en\/wp-json\/wp\/v2\/pages"}],"about":[{"href":"https:\/\/cebos.ba\/en\/wp-json\/wp\/v2\/types\/page"}],"author":[{"embeddable":true,"href":"https:\/\/cebos.ba\/en\/wp-json\/wp\/v2\/users\/1"}],"replies":[{"embeddable":true,"href":"https:\/\/cebos.ba\/en\/wp-json\/wp\/v2\/comments?post=375"}],"version-history":[{"count":0,"href":"https:\/\/cebos.ba\/en\/wp-json\/wp\/v2\/pages\/375\/revisions"}],"wp:attachment":[{"href":"https:\/\/cebos.ba\/en\/wp-json\/wp\/v2\/media?parent=375"}],"curies":[{"name":"wp","href":"https:\/\/api.w.org\/{rel}","templated":true}]}}