{"id":368,"date":"2019-05-19T16:03:12","date_gmt":"2019-05-19T14:03:12","guid":{"rendered":"http:\/\/bbipvccom.ipage.com\/cebos2\/wordpress\/?page_id=368"},"modified":"2019-05-19T16:03:12","modified_gmt":"2019-05-19T14:03:12","slug":"ondex-pvc-profilisane-ploce","status":"publish","type":"page","link":"https:\/\/cebos.ba\/en\/ondex-pvc-profilisane-ploce\/","title":{"rendered":"ONDEX PVC profilisane plo\u010de"},"content":{"rendered":"\n\t\t\t\t\n<p>PVC livene (profilisane) plo\u010de su ONDEX talasaste i trapezaste plo\u010de dobijene originalnim patentiranim bi-orijentisanim procesom. Proces garantuje orientaciju PVC molekula \u0161to pove\u0107ava snagu i fleksibilnost plo\u010da zbog \u010dega su ove plo\u010de ja\u010de od standardnih PVC plo\u010da. Poseduju garancije za otpornost na grad i udarce i razne atmosferske uslove. ONDEX plo\u010de imaju Tehni\u010dko odobrenje br. AT-15-3043\/2006, higijenski sertifikat uskla\u0107enosti br. HK\/B\/1037\/01\/96 protivpo\u017earni sertifikat NP.991\/A\/06\/M\u017b. Na\u0161a ponuda obuhvata i okapnice, krovne delove i uklapaju\u0107e pakete spremne za monta\u017eu. Svaki paket sadr\u017ei: jedan prsten (\u0161elnu), jedan zatvara\u010d i jedan drveni \u0161raf (zavrtanj). Paketi bez \u0161rafova (zavrtnja) su tako\u0111e u ponudi.<\/p>\n\n\n\n<h3 class=\"wp-block-heading\">Koristi i prednosti<\/h3>\n\n\n\n<ul class=\"wp-block-list\"><li>Pove\u0107ana mehani\u010dka snaga \u2013 zahvljuju\u0107i originalnom procesu polimerne bi-orijentacije.<\/li><li>Koekstrudirana za\u0161titna \u0161koljka smanjuje rizik od degradacije tokom upotrebe<\/li><li>Mogu\u0107a proizvodnja plo\u010da u bilo kom obliku i boji<\/li><li>Velika otpornost na udarce \u2013 otpornost na grad<\/li><li>Klasa zapaljivosti B1 prema DIN 4102<\/li><li>Dugotrajnost<\/li><li>Izuzetna otpornost na hemikalije<\/li><li>Visoka otpornost na savijanje<\/li><li>Obostrana UV stabilnost (HR serije, selektovane Sollux plo\u010de)<\/li><li>Visoka transparentnost<\/li><\/ul>\n\n\n\n<h3 class=\"wp-block-heading\">Upotreba<\/h3>\n\n\n\n<ul class=\"wp-block-list\"><li>Svetlarnici i krovni prozori<\/li><li>Providni krovovi na magacinima, sportskim i komercijalnim halama<\/li><li>Nadstre\u0161nice (providni krovovi)<\/li><li>Pregradni zidovi<\/li><li>Nadstre\u0161nice na autobuskim i \u017eelezni\u010dkim stanicama<\/li><li>Pergole, \u010dardaci, terase i staklenici<\/li><li>Ograde<\/li><li>Nadkriva\u010di pokretnih traka<\/li><li>Komponente odvodnih sistema (odvodne cevi)<\/li><\/ul>\n\n\n\n<h3 class=\"wp-block-heading\">Obrada<\/h3>\n\n\n\n<ul class=\"wp-block-list\"><li>Se\u010denje<\/li><li>Hladno savijanje<\/li><li>Bu\u010denje<\/li><li>Plo\u010de moraju biti skladi\u0161tene i montirane prema instrukcijama o skladi\u0161tenju i monta\u017ei<\/li><\/ul>\n\n\n\n<h3 class=\"wp-block-heading\">Dimenzije<\/h3>\n\n\n\n<ul class=\"wp-block-list\"><li>Dimenzije: 1090&#215;2000, 1090&#215;2050, 1090&#215;3000<\/li><li>Boja: Bezbojna i Bronza<\/li><\/ul>\n\n\n\n<p>\n\n[gdgallery_gallery id_gallery=&#8221;22&#8221;]<br><\/p>\n\t\t","protected":false},"excerpt":{"rendered":"<p>PVC livene (profilisane) plo\u010de su ONDEX talasaste i trapezaste plo\u010de dobijene originalnim patentiranim bi-orijentisanim procesom. Proces garantuje orientaciju PVC molekula \u0161to pove\u0107ava snagu i fleksibilnost plo\u010da zbog \u010dega su ove plo\u010de ja\u010de od standardnih PVC plo\u010da. Poseduju garancije za otpornost na grad i udarce i razne atmosferske uslove. ONDEX plo\u010de imaju Tehni\u010dko odobrenje br. AT-15-3043\/2006, [&hellip;]<\/p>\n","protected":false},"author":1,"featured_media":0,"parent":0,"menu_order":0,"comment_status":"closed","ping_status":"closed","template":"","meta":{"footnotes":""},"class_list":["post-368","page","type-page","status-publish","hentry"],"_links":{"self":[{"href":"https:\/\/cebos.ba\/en\/wp-json\/wp\/v2\/pages\/368"}],"collection":[{"href":"https:\/\/cebos.ba\/en\/wp-json\/wp\/v2\/pages"}],"about":[{"href":"https:\/\/cebos.ba\/en\/wp-json\/wp\/v2\/types\/page"}],"author":[{"embeddable":true,"href":"https:\/\/cebos.ba\/en\/wp-json\/wp\/v2\/users\/1"}],"replies":[{"embeddable":true,"href":"https:\/\/cebos.ba\/en\/wp-json\/wp\/v2\/comments?post=368"}],"version-history":[{"count":0,"href":"https:\/\/cebos.ba\/en\/wp-json\/wp\/v2\/pages\/368\/revisions"}],"wp:attachment":[{"href":"https:\/\/cebos.ba\/en\/wp-json\/wp\/v2\/media?parent=368"}],"curies":[{"name":"wp","href":"https:\/\/api.w.org\/{rel}","templated":true}]}}